{"id":1950,"date":"2020-10-25T06:53:23","date_gmt":"2020-10-25T06:53:23","guid":{"rendered":"http:\/\/localhost\/wp-themes\/hanta\/?page_id=1950"},"modified":"2023-12-07T12:18:06","modified_gmt":"2023-12-07T12:18:06","slug":"contacto","status":"publish","type":"page","link":"https:\/\/alvarizas.com\/index.php\/contacto\/","title":{"rendered":"Contacto"},"content":{"rendered":"\t\t<div data-elementor-type=\"wp-page\" data-elementor-id=\"1950\" class=\"elementor elementor-1950\">\n\t\t\t\t\t\t\t\t\t<section class=\"elementor-section elementor-top-section elementor-element elementor-element-5386e61 elementor-section-full_width elementor-section-height-default elementor-section-height-default\" data-id=\"5386e61\" data-element_type=\"section\">\n\t\t\t\t\t\t<div class=\"elementor-container elementor-column-gap-no\">\n\t\t\t\t\t<div class=\"elementor-column elementor-col-100 elementor-top-column elementor-element elementor-element-84806d7\" data-id=\"84806d7\" data-element_type=\"column\">\n\t\t\t<div class=\"elementor-widget-wrap elementor-element-populated\">\n\t\t\t\t\t\t\t\t<div class=\"elementor-element elementor-element-a6d1e0e elementor-widget elementor-widget-contact_section\" data-id=\"a6d1e0e\" data-element_type=\"widget\" data-widget_type=\"contact_section.default\">\n\t\t\t\t<div class=\"elementor-widget-container\">\n\t\t\t\t\t<!-- contact-section -->\n\t\t<section class=\"contact-section sec-pad\">\n\t\t\t<div class=\"auto-container\">\n\t\t\t\t<div class=\"row clearfix\">\n\t\t\t\t\t<div class=\"col-lg-5 col-md-12 col-sm-12 info-column\">\n\t\t\t\t\t\t<div class=\"contact-info-box\">\n\t\t\t\t\t\t\t<div class=\"sec-title style-two\">\n\t\t\t\t\t\t\t\t<!-- Tagline -->\n\t\t\t\t\t\t\t\t<p class=\"typo-tagline-text\">\n\t\t\t\t\t\t\t\t\tDATOS DE CONTACTO  \t\t\t\t\t\t\t\t<\/p>\n\t\t\t\t\t\t\t\t<!-- Title -->\n\t\t\t\t\t\t\t\t<h2 class=\"typo-title-text\">\n\t\t\t\t\t\t\t\t\tCONTACTA CON NOS PARA CALQUERA CONSULTA\t\t\t\t\t\t\t\t<\/h2>\n\t\t\t\t\t\t\t\t<!-- Title -->\n\t\t\t\t\t\t\t<\/div>\n\t\t\t\t\t\t\t<div class=\"text\">\n\t\t\t\t\t\t\t\t<p >Ch\u00e1manos ou vis\u00edtanos en calquera momento, esforz\u00e1monos por responder a todas as consultas.<br><a href=\"mailto:info@alvarizas.com\">info@alvarizas.com<\/a><\/p>\n\t\t\t\t\t\t\t<\/div>\n\t\t\t\t\t\t\t\t\t\t\t\t\t\t<ul class=\"social-links clearfix\">\n\t\t\t\t\t\t\t\t <li><a href=\"#_\"><i class=\"fab fa-facebook-f\"><\/i><\/a><\/li>\n                                <li><a href=\"#_\"><i class=\"fab fa-twitter\"><\/i><\/a><\/li>\n                                <li><a href=\"#_\"><i class=\"fab fa-google-plus-g\"><\/i><\/a><\/li>\n                                <li><a href=\"#_\"><i class=\"fab fa-instagram\"><\/i><\/a><\/li>\n                                <li><a href=\"#_\"><i class=\"fab fa-pinterest-p\"><\/i><\/a><\/li>\t\t\t\t\t\t\t<\/ul>\n\t\t\t\t\t\t<\/div>\n\t\t\t\t\t<\/div>\n\t\t\t\t\t<div class=\"col-lg-7 col-md-12 col-sm-12 form-column\">\n\t\t\t\t\t\t<div class=\"form-inner\">\n\t\t\t\t\t\t\t\n<div class=\"wpcf7 no-js\" id=\"wpcf7-f1958-o1\" lang=\"en-US\" dir=\"ltr\">\n<div class=\"screen-reader-response\"><p role=\"status\" aria-live=\"polite\" aria-atomic=\"true\"><\/p> <ul><\/ul><\/div>\n<form action=\"\/index.php\/wp-json\/wp\/v2\/pages\/1950#wpcf7-f1958-o1\" method=\"post\" class=\"wpcf7-form init\" aria-label=\"Contact form\" novalidate=\"novalidate\" data-status=\"init\">\n<div style=\"display: none;\">\n<input type=\"hidden\" name=\"_wpcf7\" value=\"1958\" \/>\n<input type=\"hidden\" name=\"_wpcf7_version\" value=\"5.8.3\" \/>\n<input type=\"hidden\" name=\"_wpcf7_locale\" value=\"en_US\" \/>\n<input type=\"hidden\" name=\"_wpcf7_unit_tag\" value=\"wpcf7-f1958-o1\" \/>\n<input type=\"hidden\" name=\"_wpcf7_container_post\" value=\"0\" \/>\n<input type=\"hidden\" name=\"_wpcf7_posted_data_hash\" value=\"\" \/>\n<\/div>\n<div class=\"default-form\">\n\t<div class=\"row clearfix\">\n\t\t<div class=\"col-lg-6 col-md-6 col-sm-12 form-group\">\n\t\t\t<p><label>Nome<\/label><span class=\"wpcf7-form-control-wrap\" data-name=\"username\"><input size=\"40\" class=\"wpcf7-form-control wpcf7-text wpcf7-validates-as-required\" aria-required=\"true\" aria-invalid=\"false\" placeholder=\"Nome\" value=\"\" type=\"text\" name=\"username\" \/><\/span>\n\t\t\t<\/p>\n\t\t<\/div>\n\t\t<div class=\"col-lg-6 col-md-6 col-sm-12 form-group\">\n\t\t\t<p><label>Correo electronico<\/label><span class=\"wpcf7-form-control-wrap\" data-name=\"your-email\"><input size=\"40\" class=\"wpcf7-form-control wpcf7-email wpcf7-validates-as-required wpcf7-text wpcf7-validates-as-email\" aria-required=\"true\" aria-invalid=\"false\" placeholder=\"Correo electronico\" value=\"\" type=\"email\" name=\"your-email\" \/><\/span>\n\t\t\t<\/p>\n\t\t<\/div>\n\t\t<div class=\"col-lg-6 col-md-12 col-sm-12 form-group\">\n\t\t\t<p><label>Tel\u00e9fono<\/label><span class=\"wpcf7-form-control-wrap\" data-name=\"phone\"><input size=\"40\" class=\"wpcf7-form-control wpcf7-text wpcf7-validates-as-required\" aria-required=\"true\" aria-invalid=\"false\" placeholder=\"Tel\u00e9fono\" value=\"\" type=\"text\" name=\"phone\" \/><\/span>\n\t\t\t<\/p>\n\t\t<\/div>\n\t\t<div class=\"col-lg-6 col-md-12 col-sm-12 form-group\">\n\t\t\t<p><label>Asunto<\/label><span class=\"wpcf7-form-control-wrap\" data-name=\"subject\"><input size=\"40\" class=\"wpcf7-form-control wpcf7-text wpcf7-validates-as-required\" aria-required=\"true\" aria-invalid=\"false\" placeholder=\"Asunto\" value=\"\" type=\"text\" name=\"subject\" \/><\/span>\n\t\t\t<\/p>\n\t\t<\/div>\n\t\t<div class=\"col-lg-12 col-md-12 col-sm-12 form-group\">\n\t\t\t<p><label>Escribe unha mensaxe<\/label><span class=\"wpcf7-form-control-wrap\" data-name=\"message\"><textarea cols=\"40\" rows=\"10\" class=\"wpcf7-form-control wpcf7-textarea wpcf7-validates-as-required\" aria-required=\"true\" aria-invalid=\"false\" placeholder=\"A t\u00faa mensaxe ...\" name=\"message\"><\/textarea><\/span>\n\t\t\t<\/p>\n\t\t<\/div>\n\t\t<div class=\"col-lg-12 col-md-12 col-sm-12 form-group message-btn\">\n\t\t\t<p><button class=\"theme-btn-two wpcf7-form-control wpcf7-submit\" type=\"submit\" name=\"submit-form\">ENVIAR<\/button>\n\t\t\t<\/p>\n\t\t<\/div>\n\t<\/div>\n<\/div><div class=\"wpcf7-response-output\" aria-hidden=\"true\"><\/div>\n<\/form>\n<\/div>\n\n\t\t\t\t\t\t<\/div>\n\t\t\t\t\t<\/div>\n\t\t\t\t<\/div>\n\t\t\t<\/div>\n\t\t<\/section>\n\t\t<!-- contact-section end -->\n\t\t<\/div>\n\t\t\t\t<\/div>\n\t\t\t\t\t<\/div>\n\t\t<\/div>\n\t\t\t\t\t\t\t<\/div>\n\t\t<\/section>\n\t\t\t\t<section class=\"elementor-section elementor-top-section elementor-element elementor-element-4fd7fab elementor-section-full_width elementor-section-height-default elementor-section-height-default\" data-id=\"4fd7fab\" data-element_type=\"section\">\n\t\t\t\t\t\t<div class=\"elementor-container elementor-column-gap-no\">\n\t\t\t\t\t<div class=\"elementor-column elementor-col-100 elementor-top-column elementor-element elementor-element-31d5e98\" data-id=\"31d5e98\" data-element_type=\"column\">\n\t\t\t<div class=\"elementor-widget-wrap elementor-element-populated\">\n\t\t\t\t\t\t\t\t<div class=\"elementor-element elementor-element-43cfc47 elementor-widget elementor-widget-google_map\" data-id=\"43cfc47\" data-element_type=\"widget\" data-widget_type=\"google_map.default\">\n\t\t\t\t<div class=\"elementor-widget-container\">\n\t\t\t\n\n\t\t<!-- google-map-section -->\n        <section class=\"google-map-section\">\n            <div class=\"map-inner\">\n                <div style=\"width: 100%\"><iframe width=\"100%\" height=\"600\" frameborder=\"0\" scrolling=\"no\" marginheight=\"0\" marginwidth=\"0\" src=\"https:\/\/maps.google.com\/maps?width=100%25&amp;height=600&amp;hl=en&amp;q=POL.%20IND.%20LAL%C3%8DN%202000%20CALLE%20E,%20DONSI%C3%93N,%20C.P.%2036519+(aLVARIZAS)&amp;t=&amp;z=14&amp;ie=UTF8&amp;iwloc=B&amp;output=embed\"><a href=\"https:\/\/www.maps.ie\/population\/\">Calculate population in area<\/a><\/iframe><\/div>            <\/div>\n        <\/section>\n        <!-- google-map-section end -->\n\t\t\t\t<\/div>\n\t\t\t\t<\/div>\n\t\t\t\t\t<\/div>\n\t\t<\/div>\n\t\t\t\t\t\t\t<\/div>\n\t\t<\/section>\n\t\t\t\t\t\t\t<\/div>\n\t\t","protected":false},"excerpt":{"rendered":"<p>DATOS DE CONTACTO CONTACTA CON NOS PARA CALQUERA CONSULTA Ch\u00e1manos ou vis\u00edtanos en calquera momento, esforz\u00e1monos por responder a todas as consultas.info@alvarizas.com Nome Correo electronico Tel\u00e9fono Asunto Escribe unha mensaxe ENVIAR Calculate population in area<\/p>\n","protected":false},"author":1,"featured_media":2273,"parent":0,"menu_order":0,"comment_status":"closed","ping_status":"closed","template":"elementor_header_footer","meta":{"footnotes":""},"_links":{"self":[{"href":"https:\/\/alvarizas.com\/index.php\/wp-json\/wp\/v2\/pages\/1950"}],"collection":[{"href":"https:\/\/alvarizas.com\/index.php\/wp-json\/wp\/v2\/pages"}],"about":[{"href":"https:\/\/alvarizas.com\/index.php\/wp-json\/wp\/v2\/types\/page"}],"author":[{"embeddable":true,"href":"https:\/\/alvarizas.com\/index.php\/wp-json\/wp\/v2\/users\/1"}],"replies":[{"embeddable":true,"href":"https:\/\/alvarizas.com\/index.php\/wp-json\/wp\/v2\/comments?post=1950"}],"version-history":[{"count":16,"href":"https:\/\/alvarizas.com\/index.php\/wp-json\/wp\/v2\/pages\/1950\/revisions"}],"predecessor-version":[{"id":3888,"href":"https:\/\/alvarizas.com\/index.php\/wp-json\/wp\/v2\/pages\/1950\/revisions\/3888"}],"wp:featuredmedia":[{"embeddable":true,"href":"https:\/\/alvarizas.com\/index.php\/wp-json\/wp\/v2\/media\/2273"}],"wp:attachment":[{"href":"https:\/\/alvarizas.com\/index.php\/wp-json\/wp\/v2\/media?parent=1950"}],"curies":[{"name":"wp","href":"https:\/\/api.w.org\/{rel}","templated":true}]}}